{"id":263,"date":"2021-08-02T09:32:03","date_gmt":"2021-08-02T09:32:03","guid":{"rendered":"https:\/\/www.nextlap.es\/?page_id=263"},"modified":"2021-08-03T10:31:07","modified_gmt":"2021-08-03T10:31:07","slug":"politica-de-cookies","status":"publish","type":"page","link":"https:\/\/www.nextlap.es\/pt-pt\/politica-de-cookies\/","title":{"rendered":"Pol\u00edtica de cookies"},"content":{"rendered":"<section class=\"wpb-content-wrapper\"><p>[vc_row css=&#8221;.vc_custom_1627986572447{margin-top: 100px !important;margin-bottom: 100px !important;}&#8221;][vc_column][vc_column_text]<\/p>\n<h3 class=\"titulo--parrafo\">O QUE \u00c9 UM COOKIE?<\/h3>\n<p>Um cookie \u00e9 um pequeno arquivo de texto que \u00e9 armazenado no seu navegador quando visita quase todas as p\u00e1ginas da web. Um cookie serve para que a web se recorde da sua visita quando retorna para navegar na mesma p\u00e1gina. Os cookies geralmente armazenam informa\u00e7\u00f5es de natureza t\u00e9cnica, prefer\u00eancias pessoais, personaliza\u00e7\u00e3o de conte\u00fado, estat\u00edsticas de uso, links para redes sociais, acesso a contas de utilizadores etc. O objetivo do cookie \u00e9 adaptar o conte\u00fado da web ao seu perfil e necessidade, sem cookies os servi\u00e7os oferecidos por qualquer p\u00e1gina seriam significativamente reduzidos. Se deseja consultar mais informa\u00e7\u00f5es sobre o que s\u00e3o cookies, o que armazenam, como elimin\u00e1-los, desativ\u00e1-los, etc., clique neste link.<\/p>\n<p>&nbsp;<\/p>\n<p>&nbsp;<\/p>\n<h3 class=\"titulo--parrafo\">COOKIES USADOS NESTE WEBSITE<\/h3>\n<p>De seguida explicamos pormenorizadamente a utiliza\u00e7\u00e3o que fazemos dos cookies neste site a fim de inform\u00e1-lo da forma mais precisa poss\u00edvel.<\/p>\n<p class=\"titulo--parrafo\"><strong>ESTE WEBSITE USA OS SEGUINTES COOKIES:<\/strong><\/p>\n<p>Cookies de sess\u00e3o, servem para garantir que os utilizadores que escrevem coment\u00e1rios no blog sejam humanos e n\u00e3o aplicativos automatizados. Desta forma, o spam \u00e9 combatido. Este site usa os seguintes cookies de terceiros:<\/p>\n<p><strong>Google Analytics:\u00a0<\/strong>Armazena cookies para poder recolher estat\u00edsticas sobre o tr\u00e1fego e o volume de visitas no nosso site. Ao usar este site, voc\u00ea concorda com o processamento das suas informa\u00e7\u00f5es pelo Google. Portanto, o exerc\u00edcio de qualquer direito a esse respeito deve ser feito por meio de comunica\u00e7\u00e3o direta com o Google.<\/p>\n<p><strong>Redes sociais:\u00a0<\/strong>Cada rede social usa os seus pr\u00f3prios cookies para que possa clicar em bot\u00f5es como \u201cGosto\u201d ou \u201cPartilhar\u201d. Aqui est\u00e1 uma lista dos principais cookies que usamos:<\/p>\n<ul>\n<li><strong>Nome do cookie:\u00a0<\/strong>\u00a0_utma, _utmb, _utmc, _utmz<\/li>\n<li><strong>Origem:<\/strong>\u00a0Google Analytics<\/li>\n<li><strong>Fun\u00e7\u00e3o:\u00a0<\/strong>\u00a0Possibilitam uma fun\u00e7\u00e3o \u00fanica de controlo de visitas. Na primeira vez que um utilizador entrar no site atrav\u00e9s de um navegador, este cookie ser\u00e1 instalado. Quando o utilizador retornar \u00e0 nossa p\u00e1gina com o mesmo navegador, o cookie ir\u00e1 considerar que \u00e9 o mesmo utilizador. O Google Analytics s\u00f3 considera outro utilizador se o navegador for alterado.<\/li>\n<\/ul>\n<ul>\n<li><strong>Nome do cookie:\u00a0<\/strong>\u00a0cookies que come\u00e7am com _pk_ref, _pk_cvar, pk_id, _pk_ses<\/li>\n<li><strong>Origem:<\/strong>\u00a0Piwik (an\u00e1lise da web)<\/li>\n<li><strong>Fun\u00e7\u00e3o:\u00a0<\/strong>\u00a0Este cookie guarda um ID \u00fanico para identificar um utilizador, para que seja poss\u00edvel fazer a monotoriza\u00e7\u00e3o das visitas ao site. Este ID n\u00e3o pode ser rastreado por nenhuma pessoa ou equipa e n\u00e3o \u00e9 utilizado a n\u00edvel individual, pessoal ou coletivo. O utilizador tem a possibilidade de configurar o seu navegador para ser avisado da rece\u00e7\u00e3o de cookies e impedir a sua instala\u00e7\u00e3o no seu computador *. No entanto, desativ\u00e1-los pode modificar o funcionamento do site. Por favor, consulte as instru\u00e7\u00f5es e manuais do seu navegador para mais informa\u00e7\u00e3o<\/li>\n<\/ul>\n<ul>\n<li><strong>Nome do cookie:<\/strong>\u00a0cdp-cookies-plugin-wp<\/li>\n<li><strong>Origem:<\/strong>\u00a0Op\u00e7\u00e3o de Lei de Cookies<\/li>\n<li><strong>Fun\u00e7\u00e3o:<\/strong>\u00a0Este cookie permite guardar, ou n\u00e3o, cookies no navegador do utilizador.<\/li>\n<\/ul>\n<ul>\n<li><strong>Nome do cookie:<\/strong>\u00a0NID<\/li>\n<li><strong>Origem:<\/strong>\u00a0Google<\/li>\n<li><strong>Fun\u00e7\u00e3o:<\/strong>\u00a0Cookie do Google \u00e9 utilizado para personalizar os an\u00fancios que s\u00e3o exibidos nos servi\u00e7os do Google, como por exemplo na Pesquisa do Google, especialmente quando o utilizador n\u00e3o est\u00e1 conectado a uma conta da Google. A Google pode transmitir essas informa\u00e7\u00f5es a terceiros quando exigido por lei ou quando esses terceiros processam as informa\u00e7\u00f5es em nome do Google. A Google n\u00e3o associar\u00e1 o seu endere\u00e7o IP a nenhum outro dado que tenha. Ao utilizar este site, est\u00e1 a concordar com o processamento das suas informa\u00e7\u00f5es pelo Google, no formato, e para os fins indicados acima.<\/li>\n<\/ul>\n<ul>\n<li><strong>Nome do cookie:\u00a0<\/strong>\u00a0PREF<\/li>\n<li><strong>Origem:<\/strong>\u00a0Google<\/li>\n<li><strong>Fun\u00e7\u00e3o:\u00a0<\/strong>\u00a0Estes cookies servem para que os nossos sites se lembrem de informa\u00e7\u00f5es que mudam a apar\u00eancia ou o comportamento do site, como seu idioma preferido ou a regi\u00e3o em que est\u00e1 localizado. Por exemplo, memorizando a sua regi\u00e3o, um site pode fornecer not\u00edcias sobre o tr\u00e2nsito ou boletins meteorol\u00f3gicos locais. Estes cookies tamb\u00e9m permitem que altere o tamanho do texto, a fonte e outras partes das p\u00e1ginas da web que pode personalizar. A perda de informa\u00e7\u00f5es armazenadas num cookie de prefer\u00eancia pode tornar a experi\u00eancia no site menos pormenorizado, mas n\u00e3o deve afetar seu funcionamento. A maioria dos utilizadores do Google tem um cookie de prefer\u00eancias chamado \u201cPREF\u201d nos seus navegadores. Um navegador envia esse cookie por meio de solicita\u00e7\u00f5es aos sites do Google. O cookie PREF pode armazenar suas prefer\u00eancias e outras informa\u00e7\u00f5es, especificamente seu idioma preferido (por exemplo, ingl\u00eas), bem como o n\u00famero de resultados de pesquisa que deseja exibir por p\u00e1gina (por exemplo, 10 ou 20) e se desejar, o filtro SafeSearch est\u00e1 ativado.<\/li>\n<\/ul>\n<ul>\n<li><strong>Nome do cookie:\u00a0<\/strong>\u00a0qtrans_cookie_test<\/li>\n<li><strong>Origemn:<\/strong>\u00a0Interna<\/li>\n<li><strong>Fun\u00e7\u00e3o:\u00a0<\/strong>\u00a0Verificar o idioma padr\u00e3o.<\/li>\n<\/ul>\n<p>&nbsp;<\/p>\n<h3><\/h3>\n<p>&nbsp;<\/p>\n<h3 class=\"titulo--parrafo\">DESATIVA\u00c7\u00c3O OU ELIMINA\u00c7\u00c3O DE COOKIES<\/h3>\n<p>A qualquer momento, pode exercer o seu direito de desativar ou eliminar os cookies deste site. Essas a\u00e7\u00f5es s\u00e3o executadas de maneira diferente dependendo do navegador que est\u00e1 a utilizar. Aqui est\u00e1 um guia r\u00e1pido para os navegadores mais populares.<\/p>\n<p>&nbsp;<\/p>\n<p>&nbsp;<\/p>\n<h3 class=\"titulo--parrafo\">NOTAS ADICIONAIS<\/h3>\n<p>Nem este site, ou os seus representantes legais, s\u00e3o respons\u00e1veis pelo conte\u00fado ou pela veracidade das pol\u00edticas de privacidade que os terceiros mencionados nesta pol\u00edtica de cookies possam ter.<br \/>\nOs navegadores da Web s\u00e3o as ferramentas encarregadas de armazenar cookies e \u00e9 a partir desse local que deve exercer o seu direito de elimin\u00e1-los ou desativ\u00e1-los. Nem este site, ou os seus representantes legais, podem garantir o manuseio correto ou incorreto dos cookies pelos navegadores citados. Em alguns casos \u00e9 necess\u00e1rio instalar cookies para que o navegador n\u00e3o se esque\u00e7a da sua decis\u00e3o, de n\u00e3o os aceitar.<br \/>\nNo caso dos cookies do Google Analytics, esta empresa armazena cookies em servidores localizados nos Estados Unidos e compromete-se a n\u00e3o partilhar com terceiros os seus dados, exceto nos casos em que seja necess\u00e1rio para o funcionamento do sistema ou quando a lei exigir tal efeito. Segundo a Google, esta empresa n\u00e3o guarda o seu endere\u00e7o de IP. A Google Inc. adere ao Acordo de Porto Seguro que garante que todos os dados transferidos ser\u00e3o tratados com um n\u00edvel de prote\u00e7\u00e3o de acordo com os regulamentos europeus. Pode consultar informa\u00e7\u00f5es detalhadas a esse respeito neste link. Se desejar informa\u00e7\u00f5es sobre a utiliza\u00e7\u00e3o que a Google d\u00e1 aos cookies, anexamos este outro link. Para qualquer pergunta ou consulta sobre esta pol\u00edtica de cookies, n\u00e3o hesite em falar connosco atrav\u00e9s da se\u00e7\u00e3o de contato.[\/vc_column_text][\/vc_column][\/vc_row]<\/p>\n<\/section>","protected":false},"excerpt":{"rendered":"<p>[vc_row css=&#8221;.vc_custom_1627986572447{margin-top: 100px !important;margin-bottom: 100px !important;}&#8221;][vc_column][vc_column_text] O QUE \u00c9 UM COOKIE? Um cookie \u00e9 um pequeno arquivo de texto que \u00e9 armazenado no seu navegador quando visita quase todas as p\u00e1ginas da web. Um cookie serve para que a web se recorde da sua visita quando retorna para navegar na mesma p\u00e1gina. Os cookies geralmente [&hellip;]<\/p>\n","protected":false},"author":1,"featured_media":0,"parent":0,"menu_order":0,"comment_status":"closed","ping_status":"closed","template":"","meta":{"footnotes":""},"class_list":["post-263","page","type-page","status-publish","hentry"],"aioseo_notices":[],"_links":{"self":[{"href":"https:\/\/www.nextlap.es\/pt-pt\/wp-json\/wp\/v2\/pages\/263","targetHints":{"allow":["GET"]}}],"collection":[{"href":"https:\/\/www.nextlap.es\/pt-pt\/wp-json\/wp\/v2\/pages"}],"about":[{"href":"https:\/\/www.nextlap.es\/pt-pt\/wp-json\/wp\/v2\/types\/page"}],"author":[{"embeddable":true,"href":"https:\/\/www.nextlap.es\/pt-pt\/wp-json\/wp\/v2\/users\/1"}],"replies":[{"embeddable":true,"href":"https:\/\/www.nextlap.es\/pt-pt\/wp-json\/wp\/v2\/comments?post=263"}],"version-history":[{"count":0,"href":"https:\/\/www.nextlap.es\/pt-pt\/wp-json\/wp\/v2\/pages\/263\/revisions"}],"wp:attachment":[{"href":"https:\/\/www.nextlap.es\/pt-pt\/wp-json\/wp\/v2\/media?parent=263"}],"curies":[{"name":"wp","href":"https:\/\/api.w.org\/{rel}","templated":true}]}}