{"id":251,"date":"2021-07-28T12:45:36","date_gmt":"2021-07-28T12:45:36","guid":{"rendered":"https:\/\/www.nextlap.es\/?page_id=251"},"modified":"2021-08-02T11:58:34","modified_gmt":"2021-08-02T11:58:34","slug":"maxterauto","status":"publish","type":"page","link":"https:\/\/www.nextlap.es\/pt-pt\/maxterauto\/","title":{"rendered":"Maxterauto"},"content":{"rendered":"<section class=\"wpb-content-wrapper\"><p>[vc_row css=&#8221;.vc_custom_1618236623500{padding-top: 100px !important;padding-bottom: 80px !important;}&#8221;][vc_column][vc_row_inner][vc_column_inner width=&#8221;5\/12&#8243;][vc_single_image image=&#8221;84&#8243; img_size=&#8221;full&#8221; alignment=&#8221;center&#8221;][\/vc_column_inner][vc_column_inner width=&#8221;7\/12&#8243;][vc_column_text]<\/p>\n<div class=\"vc_separator wpb_content_element vc_separator_align_left vc_sep_width_50 vc_sep_border_width_10 vc_sep_pos_align_left titulo-separador vc_separator-has-text\">\n<p class=\"vc_sep_holder vc_sep_holder_l\"><span class=\"vc_sep_line\" style=\"border-color: #c4dae6;\">\u00a0<\/span><\/p>\n<h1>MAXTERAUTO<\/h1>\n<p class=\"vc_sep_holder vc_sep_holder_r\"><span class=\"vc_sep_line\" style=\"border-color: #c4dae6;\">\u00a0<\/span><\/p>\n<\/div>\n<p>[\/vc_column_text][vc_column_text]<\/p>\n<h2 class=\"titulo-claro\">O seu software para o com\u00e9rcio autom\u00f3vel<\/h2>\n<p>[\/vc_column_text][vc_column_text]Maxterauto \u00e9 um software para a gest\u00e3o do neg\u00f3cio VU e VN, integrado com o seu DMS e totalmente online. Constru\u00eddo para responder aos novos desafios do comercio autom\u00f3vel, Maxterauto prop\u00f5e uma solu\u00e7\u00e3o completa que cobre todas as fases do processo de venda num \u00fanico lugar.[\/vc_column_text][vc_btn title=&#8221;Quero experimenta-lo&#8221; style=&#8221;gradient-custom&#8221; gradient_custom_color_1=&#8221;#00a893&#8243; gradient_custom_color_2=&#8221;#14ddc4&#8243; shape=&#8221;round&#8221; link=&#8221;url:%23contacto&#8221; el_class=&#8221;btn-ancla&#8221;][\/vc_column_inner][\/vc_row_inner][\/vc_column][\/vc_row][vc_row full_width=&#8221;stretch_row&#8221; parallax=&#8221;content-moving-fade&#8221; parallax_image=&#8221;100&#8243; css=&#8221;.vc_custom_1618403241713{padding-top: 50px !important;padding-bottom: 50px !important;background-position: center;background-repeat: no-repeat !important;background-size: cover !important;}&#8221; el_class=&#8221;producto-info&#8221;][vc_column][vc_row_inner equal_height=&#8221;yes&#8221; content_placement=&#8221;middle&#8221;][vc_column_inner width=&#8221;1\/4&#8243;][vc_column_text css=&#8221;.vc_custom_1627476432315{margin-bottom: 80px !important;}&#8221;]<\/p>\n<ul>\n<li>Fazer a gest\u00e3o de stock VU e VN.<\/li>\n<\/ul>\n<p>[\/vc_column_text][vc_column_text css=&#8221;.vc_custom_1627476449719{margin-bottom: 80px !important;}&#8221;]<\/p>\n<ul>\n<li>Liga\u00e7\u00e3o com Jato Dynamics para identifica\u00e7\u00e3o de ve\u00edculos.<\/li>\n<\/ul>\n<p>[\/vc_column_text][vc_column_text css=&#8221;.vc_custom_1627476464808{margin-bottom: 80px !important;}&#8221;]<\/p>\n<ul>\n<li>Multipublica\u00e7\u00e3o em portais.<\/li>\n<\/ul>\n<p>[\/vc_column_text][vc_column_text css=&#8221;.vc_custom_1627476480828{margin-bottom: 80px !important;}&#8221;]<\/p>\n<ul>\n<li>Gest\u00e3o e acompanhamento de propostas CRM.<\/li>\n<\/ul>\n<p>[\/vc_column_text][vc_column_text css=&#8221;.vc_custom_1627476495763{margin-bottom: 80px !important;}&#8221;]<\/p>\n<ul>\n<li>Compara\u00e7\u00e3o de pre\u00e7os de mercado.<\/li>\n<\/ul>\n<p>[\/vc_column_text][\/vc_column_inner][vc_column_inner width=&#8221;3\/4&#8243; css=&#8221;.vc_custom_1618393443135{margin-top: -100px !important;}&#8221;][vc_single_image image=&#8221;86&#8243; img_size=&#8221;full&#8221; alignment=&#8221;center&#8221;][\/vc_column_inner][\/vc_row_inner][\/vc_column][\/vc_row][vc_row css=&#8221;.vc_custom_1618245711563{margin-bottom: 80px !important;padding-top: 80px !important;}&#8221; el_class=&#8221;productos-ventajas&#8221;][vc_column][vc_row_inner][vc_column_inner][vc_column_text]<\/p>\n<p style=\"text-align: center;\">Com Maxterauto voc\u00ea pode organizar o seu neg\u00f3cio, desde a publica\u00e7\u00e3o do stock em portais para autom\u00f3veis, passando pela gest\u00e3o e acompanhamento de propostas de neg\u00f3cio atrav\u00e9s do seu poderoso CRM at\u00e9 a gest\u00e3o documental de vendas e arquivos digitais.<\/p>\n<p style=\"text-align: center;\">Com tudo isto, a nossa ferramenta ajuda a estruturar a atividade de Ve\u00edculos Usados e Novos, otimizando e potenciando a rentabilidade do seu neg\u00f3cio e aumentando as suas margens.<\/p>\n<p>[\/vc_column_text][vc_column_text]<\/p>\n<h2 class=\"titulo-claro\" style=\"text-align: center;\">Outras vantagens<\/h2>\n<p>[\/vc_column_text][\/vc_column_inner][\/vc_row_inner][vc_row_inner equal_height=&#8221;yes&#8221; content_placement=&#8221;middle&#8221; css=&#8221;.vc_custom_1618245657869{margin-bottom: 50px !important;}&#8221;][vc_column_inner width=&#8221;2\/12&#8243;][vc_single_image image=&#8221;113&#8243; img_size=&#8221;full&#8221; css=&#8221;.vc_custom_1618245337549{margin-bottom: 0px !important;}&#8221;][\/vc_column_inner][vc_column_inner el_class=&#8221;ventajas-texto&#8221; width=&#8221;10\/12&#8243;][vc_column_text]<\/p>\n<p class=\"subtitulo\">App m\u00f3vel para IOS e Android<\/p>\n<p>[\/vc_column_text][vc_column_text el_class=&#8221;bloque-sombreado&#8221;]Fa\u00e7a a gest\u00e3o do seu neg\u00f3cio com liberdade total.[\/vc_column_text][\/vc_column_inner][\/vc_row_inner][vc_row_inner equal_height=&#8221;yes&#8221; content_placement=&#8221;middle&#8221; css=&#8221;.vc_custom_1618245661789{margin-bottom: 50px !important;}&#8221;][vc_column_inner width=&#8221;2\/12&#8243;][vc_single_image image=&#8221;105&#8243; img_size=&#8221;full&#8221; css=&#8221;.vc_custom_1618245526566{margin-bottom: 0px !important;}&#8221;][\/vc_column_inner][vc_column_inner el_class=&#8221;ventajas-texto&#8221; width=&#8221;10\/12&#8243;][vc_column_text]<\/p>\n<p class=\"subtitulo\">Avalia\u00e7\u00e3o de ve\u00edculos<\/p>\n<p>[\/vc_column_text][vc_column_text el_class=&#8221;bloque-sombreado&#8221;]Processo completo para a avalia\u00e7\u00e3o de ve\u00edculos em qualquer local.[\/vc_column_text][\/vc_column_inner][\/vc_row_inner][vc_row_inner equal_height=&#8221;yes&#8221; content_placement=&#8221;middle&#8221; css=&#8221;.vc_custom_1618245665499{margin-bottom: 50px !important;}&#8221;][vc_column_inner width=&#8221;2\/12&#8243;][vc_single_image image=&#8221;115&#8243; img_size=&#8221;full&#8221; css=&#8221;.vc_custom_1618245532465{margin-bottom: 0px !important;}&#8221;][\/vc_column_inner][vc_column_inner el_class=&#8221;ventajas-texto&#8221; width=&#8221;10\/12&#8243;][vc_column_text]<\/p>\n<p class=\"subtitulo\">Car alert<\/p>\n<p>[\/vc_column_text][vc_column_text el_class=&#8221;bloque-sombreado&#8221;]N\u00e3o perca nenhuma venda! Maxterauto permite que voc\u00ea guarde as prefer\u00eancias de um cliente e o avise quando um ve\u00edculo compat\u00edvel entra.[\/vc_column_text][\/vc_column_inner][\/vc_row_inner][vc_row_inner equal_height=&#8221;yes&#8221; content_placement=&#8221;middle&#8221; css=&#8221;.vc_custom_1618245669156{margin-bottom: 50px !important;}&#8221;][vc_column_inner width=&#8221;2\/12&#8243;][vc_single_image image=&#8221;107&#8243; img_size=&#8221;full&#8221; css=&#8221;.vc_custom_1618245539370{margin-bottom: 0px !important;}&#8221;][\/vc_column_inner][vc_column_inner el_class=&#8221;ventajas-texto&#8221; width=&#8221;10\/12&#8243;][vc_column_text]<\/p>\n<p class=\"subtitulo\">Documentos com identidade<\/p>\n<p>[\/vc_column_text][vc_column_text el_class=&#8221;bloque-sombreado&#8221;]Todos os documentos impressos com a sua imagem corporativa dispon\u00edveis \u00e0 dist\u00e2ncia de um clique.[\/vc_column_text][\/vc_column_inner][\/vc_row_inner][vc_row_inner equal_height=&#8221;yes&#8221; content_placement=&#8221;middle&#8221; css=&#8221;.vc_custom_1618245674318{margin-bottom: 50px !important;}&#8221;][vc_column_inner width=&#8221;2\/12&#8243;][vc_single_image image=&#8221;109&#8243; img_size=&#8221;full&#8221; css=&#8221;.vc_custom_1618245545276{margin-bottom: 0px !important;}&#8221;][\/vc_column_inner][vc_column_inner el_class=&#8221;ventajas-texto&#8221; width=&#8221;10\/12&#8243;][vc_column_text]<\/p>\n<p class=\"subtitulo\">RGPD<\/p>\n<p>[\/vc_column_text][vc_column_text el_class=&#8221;bloque-sombreado&#8221;]Obtenha os consentimentos RGPD de forma 100% digital e confort\u00e1vel para os seus clientes.[\/vc_column_text][\/vc_column_inner][\/vc_row_inner][vc_row_inner equal_height=&#8221;yes&#8221; content_placement=&#8221;middle&#8221; css=&#8221;.vc_custom_1618245677412{margin-bottom: 50px !important;}&#8221;][vc_column_inner width=&#8221;2\/12&#8243;][vc_single_image image=&#8221;111&#8243; img_size=&#8221;full&#8221; css=&#8221;.vc_custom_1618245550765{margin-bottom: 0px !important;}&#8221;][\/vc_column_inner][vc_column_inner el_class=&#8221;ventajas-texto&#8221; width=&#8221;10\/12&#8243;][vc_column_text]<\/p>\n<p class=\"subtitulo\">Gest\u00e3o de documentos e arquivos digitais<\/p>\n<p>[\/vc_column_text][vc_column_text el_class=&#8221;bloque-sombreado&#8221;]Realize desde Maxterauto toda a gest\u00e3o documental do processo comercial de maneira digital incluindo a liga\u00e7\u00e3o com as ag\u00eancias de gest\u00e3o.[\/vc_column_text][\/vc_column_inner][\/vc_row_inner][\/vc_column][\/vc_row][vc_row full_width=&#8221;stretch_row&#8221; css=&#8221;.vc_custom_1618403567888{padding-top: 100px !important;padding-bottom: 100px !important;}&#8221; el_class=&#8221;contacto&#8221; el_id=&#8221;contacto&#8221;][vc_column][vc_row_inner][vc_column_inner width=&#8221;1\/2&#8243;][vc_column_text]<\/p>\n<p class=\"titulo-blanco\" style=\"text-align: left;\">Contate-nos<br \/>\n<span style=\"font-size: 30px;\">para encontrar solu\u00e7\u00f5es<br \/>\n\u00fanicas para o seu concession\u00e1rio<\/span><\/p>\n<p>[\/vc_column_text][vc_column_text]<\/p>\n<p class=\"subtitulo\">Somos especialistas para o setor autom\u00f3vel e por isso gostar\u00edamos de falar consigo!<\/p>\n<p>[\/vc_column_text][vc_btn title=&#8221;Escreva-nos&#8221; style=&#8221;custom&#8221; custom_background=&#8221;#ffffff&#8221; custom_text=&#8221;#003f64&#8243; shape=&#8221;round&#8221; i_icon_fontawesome=&#8221;fab fa-whatsapp&#8221; add_icon=&#8221;true&#8221; link=&#8221;url:https%3A%2F%2Fwa.me%2F%2B34649718197|target:_blank&#8221;][vc_empty_space height=&#8221;50px&#8221;][vc_column_text]<\/p>\n<p class=\"subtitulo\">Siga-nos tamb\u00e9m nas Redes Sociais<\/p>\n<p>[\/vc_column_text][vc_icon icon_fontawesome=&#8221;fab fa-instagram&#8221; color=&#8221;white&#8221; size=&#8221;lg&#8221; link=&#8221;url:https%3A%2F%2Fwww.instagram.com%2Ftilomotion%2F%3Fhl%3Des|target:_blank&#8221;][vc_icon icon_fontawesome=&#8221;fab fa-linkedin-in&#8221; color=&#8221;white&#8221; size=&#8221;lg&#8221; link=&#8221;url:https%3A%2F%2Fwww.linkedin.com%2Fcompany%2Ftilo-motion%2Fmycompany%2F|target:_blank&#8221;][\/vc_column_inner][vc_column_inner width=&#8221;1\/2&#8243;][vc_column_text]<div class=\"forminator-ui forminator-custom-form forminator-custom-form-269 forminator-design--flat  forminator_ajax\" data-forminator-render=\"0\" data-form=\"forminator-module-269\" data-uid=\"69f2b92a20047\"><br\/><\/div><form\r\n\t\t\t\tid=\"forminator-module-269\"\r\n\t\t\t\tclass=\"forminator-ui forminator-custom-form forminator-custom-form-269 forminator-design--flat  forminator_ajax\"\r\n\t\t\t\tmethod=\"post\"\r\n\t\t\t\tdata-forminator-render=\"0\"\r\n\t\t\t\tdata-form-id=\"269\"\r\n\t\t\t\t\r\n\t\t\t\tdata-design=\"flat\"\r\n\t\t\t\t\r\n\t\t\t\t\r\n\t\t\t\t\r\n\t\t\t\tdata-grid=\"open\"\r\n\t\t\t\t\r\n\t\t\t\t\r\n\t\t\t\tstyle=\"display: none;\"\r\n\t\t\t\t\r\n\t\t\t\tdata-uid=\"69f2b92a20047\"\r\n\t\t\t><div role=\"alert\" aria-live=\"polite\" class=\"forminator-response-message forminator-error\" aria-hidden=\"true\"><\/div><div class=\"forminator-row\"><div id=\"name-1\" class=\"forminator-field-name forminator-col forminator-col-6 \"><div class=\"forminator-field\"><label for=\"forminator-field-name-1_69f2b92a20047\" class=\"forminator-label\" id=\"forminator-field-name-1_69f2b92a20047-label\">Nome <span class=\"forminator-required\">*<\/span><\/label><input type=\"text\" name=\"name-1\" value=\"\" placeholder=\"Nome *\" id=\"forminator-field-name-1_69f2b92a20047\" class=\"forminator-input forminator-name--field\" aria-required=\"true\" \/><\/div><\/div><div id=\"name-2\" class=\"forminator-field-name forminator-col forminator-col-6 \"><div class=\"forminator-field\"><label for=\"forminator-field-name-2_69f2b92a20047\" class=\"forminator-label\" id=\"forminator-field-name-2_69f2b92a20047-label\">Apelido <span class=\"forminator-required\">*<\/span><\/label><input type=\"text\" name=\"name-2\" value=\"\" placeholder=\"Apelido *\" id=\"forminator-field-name-2_69f2b92a20047\" class=\"forminator-input forminator-name--field\" aria-required=\"true\" \/><\/div><\/div><\/div><div class=\"forminator-row\"><div id=\"phone-1\" class=\"forminator-field-phone forminator-col forminator-col-6 \"><div class=\"forminator-field\"><label for=\"forminator-field-phone-1_69f2b92a20047\" class=\"forminator-label\" id=\"forminator-field-phone-1_69f2b92a20047-label\">Telefone <span class=\"forminator-required\">*<\/span><\/label><input type=\"text\" name=\"phone-1\" value=\"\" placeholder=\"Telefone *\" id=\"forminator-field-phone-1_69f2b92a20047\" class=\"forminator-input forminator-field--phone\" data-required=\"1\" aria-required=\"true\" autocomplete=\"off\" data-national_mode=\"enabled\" data-country=\"PT\" data-validation=\"standard\" \/><\/div><\/div><div id=\"email-1\" class=\"forminator-field-email forminator-col forminator-col-6 \"><div class=\"forminator-field\"><label for=\"forminator-field-email-1_69f2b92a20047\" class=\"forminator-label\" id=\"forminator-field-email-1_69f2b92a20047-label\">Email <span class=\"forminator-required\">*<\/span><\/label><input type=\"email\" name=\"email-1\" value=\"\" placeholder=\"Email *\" id=\"forminator-field-email-1_69f2b92a20047\" class=\"forminator-input forminator-email--field\" data-required=\"true\" aria-required=\"true\" \/><\/div><\/div><\/div><div class=\"forminator-row\"><div id=\"name-3\" class=\"forminator-field-name forminator-col forminator-col-12 \"><div class=\"forminator-field\"><label for=\"forminator-field-name-3_69f2b92a20047\" class=\"forminator-label\" id=\"forminator-field-name-3_69f2b92a20047-label\">Empresa<\/label><input type=\"text\" name=\"name-3\" value=\"\" placeholder=\"Empresa\" id=\"forminator-field-name-3_69f2b92a20047\" class=\"forminator-input forminator-name--field\" aria-required=\"false\" \/><\/div><\/div><\/div><div class=\"forminator-row\"><div id=\"textarea-1\" class=\"forminator-field-textarea forminator-col forminator-col-12 \"><div class=\"forminator-field\"><label for=\"forminator-field-textarea-1_69f2b92a20047\" id=\"forminator-field-textarea-1_69f2b92a20047-label\" class=\"forminator-label\">Coment\u00e1rio<\/label><textarea name=\"textarea-1\" placeholder=\"Coment\u00e1rio\" id=\"forminator-field-textarea-1_69f2b92a20047\" class=\"forminator-textarea\" rows=\"6\" style=\"min-height:140px;\" maxlength=\"180\" ><\/textarea><span id=\"forminator-field-textarea-1_69f2b92a20047-description\" class=\"forminator-description\"><span data-limit=\"180\" data-type=\"characters\">0 \/ 180<\/span><\/span><\/div><\/div><\/div><div class=\"forminator-row\"><div id=\"checkbox-2\" class=\"forminator-field-checkbox forminator-col forminator-col-12 \"><div role=\"group\" class=\"forminator-field\" aria-labelledby=\"forminator-checkbox-group-69f2b92a20047-label\"><h4 id=\"forminator-checkbox-group-69f2b92a20047-label\" class=\"forminator-label\">Newsletter<\/h4><label id=\"forminator-field-checkbox-2-1-69f2b92a20047-label\" for=\"forminator-field-checkbox-2-1-69f2b92a20047\" class=\"forminator-checkbox\" title=\"Concordo em receber a newsletter\"><input type=\"checkbox\" name=\"checkbox-2[]\" value=\"concordo-em-receber-a-newsletter\" id=\"forminator-field-checkbox-2-1-69f2b92a20047\" aria-labelledby=\"forminator-field-checkbox-2-1-69f2b92a20047-label\" data-calculation=\"0\"   aria-describedby=\"forminator-field-checkbox-2-69f2b92a20047-description\"\/><span class=\"forminator-checkbox-box\" aria-hidden=\"true\"><\/span><span class=\"forminator-checkbox-label\">Concordo em receber a newsletter<\/span><\/label><\/div><\/div><\/div><div class=\"forminator-row\"><div id=\"consent-1\" class=\"forminator-field-consent forminator-col forminator-col-12 \"><div class=\"forminator-field\"><div class=\"forminator-checkbox__wrapper\"><label for=\"forminator-field-consent-1_69f2b92a20047\" id=\"forminator-field-consent-1_69f2b92a20047__label\" class=\"forminator-checkbox forminator-consent\" style=\"margin: 0;\"><input type=\"checkbox\" name=\"consent-1\" id=\"forminator-field-consent-1_69f2b92a20047\" value=\"checked\" aria-labelledby=\"forminator-field-consent-1_69f2b92a20047-label\" aria-describedby=\"forminator-field-consent-1_69f2b92a20047__description\" data-required=\"true\" aria-required=\"true\" \/><span class=\"forminator-checkbox-box\" aria-hidden=\"true\"><\/span><\/label><div id=\"forminator-field-consent-1_69f2b92a20047__description\" class=\"forminator-checkbox__label forminator-consent__label\"><p>Aceito a <a rel=\"noopener\" target=\"_blank\" href=\"\/pt-pt\/politica-de-privacidade\">pol\u00edtica de privacidade<\/a> e o <a rel=\"noopener\" target=\"_blank\" href=\"\/pt-pt\/aviso-legal\">aviso legal<\/a>. *<\/p><\/div><\/div><\/div><\/div><\/div><input type=\"hidden\" name=\"referer_url\" value=\"\" \/><div class=\"forminator-row forminator-row-last\"><div class=\"forminator-col\"><div class=\"forminator-field\"><button class=\"forminator-button forminator-button-submit\">Enviar<\/button><\/div><\/div><\/div><input type=\"hidden\" id=\"forminator_nonce\" name=\"forminator_nonce\" value=\"d3d18abc7e\" \/><input type=\"hidden\" name=\"_wp_http_referer\" value=\"\/pt-pt\/wp-json\/wp\/v2\/pages\/251\" \/><input type=\"hidden\" name=\"form_id\" value=\"269\"><input type=\"hidden\" name=\"page_id\" value=\"251\"><input type=\"hidden\" name=\"form_type\" value=\"default\"><input type=\"hidden\" name=\"current_url\" value=\"https:\/\/www.nextlap.es\/pt-pt\/maxterauto\/\"><input type=\"hidden\" name=\"render_id\" value=\"0\"><input type=\"hidden\" name=\"action\" value=\"forminator_submit_form_custom-forms\"><label for=\"input_9\" class=\"forminator-hidden\" aria-hidden=\"true\">Please do not fill in this field. <input id=\"input_9\" type=\"text\" name=\"input_9\" value=\"\" autocomplete=\"off\"><\/label><\/form>[\/vc_column_text][\/vc_column_inner][\/vc_row_inner][\/vc_column][\/vc_row]<\/p>\n<\/section>","protected":false},"excerpt":{"rendered":"<p>[vc_row css=&#8221;.vc_custom_1618236623500{padding-top: 100px !important;padding-bottom: 80px !important;}&#8221;][vc_column][vc_row_inner][vc_column_inner width=&#8221;5\/12&#8243;][vc_single_image image=&#8221;84&#8243; img_size=&#8221;full&#8221; alignment=&#8221;center&#8221;][\/vc_column_inner][vc_column_inner width=&#8221;7\/12&#8243;][vc_column_text] \u00a0 MAXTERAUTO \u00a0 [\/vc_column_text][vc_column_text] O seu software para o com\u00e9rcio autom\u00f3vel [\/vc_column_text][vc_column_text]Maxterauto \u00e9 um software para a gest\u00e3o do neg\u00f3cio VU e VN, integrado com o seu DMS e totalmente online. Constru\u00eddo para responder aos novos desafios do comercio autom\u00f3vel, Maxterauto prop\u00f5e uma solu\u00e7\u00e3o [&hellip;]<\/p>\n","protected":false},"author":1,"featured_media":0,"parent":0,"menu_order":0,"comment_status":"closed","ping_status":"closed","template":"","meta":{"footnotes":""},"class_list":["post-251","page","type-page","status-publish","hentry"],"aioseo_notices":[],"_links":{"self":[{"href":"https:\/\/www.nextlap.es\/pt-pt\/wp-json\/wp\/v2\/pages\/251","targetHints":{"allow":["GET"]}}],"collection":[{"href":"https:\/\/www.nextlap.es\/pt-pt\/wp-json\/wp\/v2\/pages"}],"about":[{"href":"https:\/\/www.nextlap.es\/pt-pt\/wp-json\/wp\/v2\/types\/page"}],"author":[{"embeddable":true,"href":"https:\/\/www.nextlap.es\/pt-pt\/wp-json\/wp\/v2\/users\/1"}],"replies":[{"embeddable":true,"href":"https:\/\/www.nextlap.es\/pt-pt\/wp-json\/wp\/v2\/comments?post=251"}],"version-history":[{"count":0,"href":"https:\/\/www.nextlap.es\/pt-pt\/wp-json\/wp\/v2\/pages\/251\/revisions"}],"wp:attachment":[{"href":"https:\/\/www.nextlap.es\/pt-pt\/wp-json\/wp\/v2\/media?parent=251"}],"curies":[{"name":"wp","href":"https:\/\/api.w.org\/{rel}","templated":true}]}}