{"id":242,"date":"2021-07-28T10:56:22","date_gmt":"2021-07-28T10:56:22","guid":{"rendered":"https:\/\/www.nextlap.es\/?page_id=242"},"modified":"2021-08-02T11:59:01","modified_gmt":"2021-08-02T11:59:01","slug":"quienes-somos","status":"publish","type":"page","link":"https:\/\/www.nextlap.es\/pt-pt\/quienes-somos\/","title":{"rendered":"Quem somos"},"content":{"rendered":"<section class=\"wpb-content-wrapper\"><p>[vc_row css=&#8221;.vc_custom_1618236623500{padding-top: 100px !important;padding-bottom: 80px !important;}&#8221;][vc_column][vc_row_inner][vc_column_inner width=&#8221;5\/12&#8243;][vc_single_image image=&#8221;46&#8243; img_size=&#8221;full&#8221; alignment=&#8221;center&#8221;][\/vc_column_inner][vc_column_inner width=&#8221;7\/12&#8243;][vc_column_text]<\/p>\n<div class=\"vc_separator wpb_content_element vc_separator_align_left vc_sep_width_50 vc_sep_border_width_10 vc_sep_pos_align_left titulo-separador vc_separator-has-text\">\n<p class=\"vc_sep_holder vc_sep_holder_l\"><span class=\"vc_sep_line\" style=\"border-color: #c4dae6;\">\u00a0<\/span><\/p>\n<h1>QUEM SOMOS<\/h1>\n<p class=\"vc_sep_holder vc_sep_holder_r\"><span class=\"vc_sep_line\" style=\"border-color: #c4dae6;\">\u00a0<\/span><\/p>\n<\/div>\n<p>[\/vc_column_text][vc_column_text]<\/p>\n<h2 class=\"titulo-claro\">Solu\u00e7\u00f5es que evoluem <span style=\"color: #003f64;\">o seu neg\u00f3cio<\/span><\/h2>\n<p>[\/vc_column_text][vc_column_text]next lap nasceu da associa\u00e7\u00e3o de um grupo de profissionais e empresas l\u00edderes no mercado autom\u00f3vel.[\/vc_column_text][\/vc_column_inner][\/vc_row_inner][vc_row_inner][vc_column_inner][vc_empty_space height=&#8221;30px&#8221;][vc_column_text]<\/p>\n<p style=\"text-align: center;\">Na next lap, decidimos passar dos produtos \u00e0s solu\u00e7\u00f5es. Analisamos o potencial de cada cliente e otimizamos o seu ecossistema de neg\u00f3cio, atrav\u00e9s de solu\u00e7\u00f5es e processos l\u00f3gicos e integrados, transparentes e simples. O resultado \u00e9 uma maior efici\u00eancia de gest\u00e3o e melhores resultados de vendas. Contamos com a experi\u00eancia de mais de 20 anos no mercado e a confian\u00e7a dos nossos clientes.<\/p>\n<p>[\/vc_column_text][\/vc_column_inner][\/vc_row_inner][\/vc_column][\/vc_row][vc_row full_width=&#8221;stretch_row&#8221; disable_element=&#8221;yes&#8221; css=&#8221;.vc_custom_1619772880889{padding-top: 50px !important;padding-bottom: 50px !important;background-image: url(https:\/\/www.nextlap.es\/wp-content\/uploads\/2021\/04\/fondo-1.png?id=61) !important;background-position: center !important;background-repeat: no-repeat !important;background-size: cover !important;}&#8221; el_class=&#8221;nuestro-dia&#8221;][vc_column][vc_row_inner][vc_column_inner][vc_text_separator title=&#8221;NUESTRO DNA&#8221; color=&#8221;custom&#8221; border_width=&#8221;10&#8243; el_width=&#8221;50&#8243; accent_color=&#8221;#c4dae6&#8243; el_class=&#8221;titulo-separador-blanco&#8221;][vc_empty_space height=&#8221;50px&#8221;][\/vc_column_inner][\/vc_row_inner][vc_row_inner css=&#8221;.vc_custom_1618237969041{padding-top: 50px !important;padding-bottom: 50px !important;}&#8221;][vc_column_inner width=&#8221;1\/3&#8243;][vc_single_image image=&#8221;48&#8243; img_size=&#8221;full&#8221; alignment=&#8221;center&#8221;][vc_column_text]<\/p>\n<p class=\"subtitulo\" style=\"text-align: center;\">M\u00e1s de 20 a\u00f1os en el sector automovil\u00edstico<\/p>\n<p>[\/vc_column_text][\/vc_column_inner][vc_column_inner width=&#8221;1\/3&#8243;][vc_single_image image=&#8221;44&#8243; img_size=&#8221;full&#8221; alignment=&#8221;center&#8221;][\/vc_column_inner][vc_column_inner width=&#8221;1\/3&#8243;][vc_single_image image=&#8221;50&#8243; img_size=&#8221;full&#8221; alignment=&#8221;center&#8221;][vc_column_text]<\/p>\n<p class=\"subtitulo\" style=\"text-align: center;\">Mercados en Espa\u00f1a, Portugal, Francia y Per\u00fa<\/p>\n<p>[\/vc_column_text][\/vc_column_inner][\/vc_row_inner][vc_row_inner][vc_column_inner width=&#8221;1\/3&#8243;][vc_single_image image=&#8221;52&#8243; img_size=&#8221;full&#8221; alignment=&#8221;center&#8221;][\/vc_column_inner][vc_column_inner width=&#8221;1\/3&#8243;][vc_single_image image=&#8221;54&#8243; img_size=&#8221;full&#8221; alignment=&#8221;center&#8221;][\/vc_column_inner][vc_column_inner width=&#8221;1\/3&#8243;][vc_single_image image=&#8221;56&#8243; img_size=&#8221;full&#8221; alignment=&#8221;center&#8221;][\/vc_column_inner][\/vc_row_inner][vc_row_inner][vc_column_inner][vc_empty_space height=&#8221;80px&#8221;][vc_single_image image=&#8221;58&#8243; img_size=&#8221;full&#8221; alignment=&#8221;center&#8221;][vc_column_text]<\/p>\n<p class=\"subtitulo\" style=\"text-align: center;\">Evolucionamos y crecemos contigo hacia nuevos desaf\u00edos.<\/p>\n<p>[\/vc_column_text][\/vc_column_inner][\/vc_row_inner][\/vc_column][\/vc_row][vc_row full_width=&#8221;stretch_row&#8221; css=&#8221;.vc_custom_1619772873063{padding-top: 50px !important;padding-bottom: 50px !important;background-image: url(https:\/\/www.nextlap.es\/wp-content\/uploads\/2021\/04\/fondo-1.png?id=61) !important;background-position: center !important;background-repeat: no-repeat !important;background-size: cover !important;}&#8221; el_class=&#8221;nuestro-dna&#8221;][vc_column][vc_row_inner][vc_column_inner][vc_text_separator title=&#8221;O NOSSO ADN&#8221; color=&#8221;custom&#8221; border_width=&#8221;10&#8243; el_width=&#8221;50&#8243; accent_color=&#8221;#c4dae6&#8243; el_class=&#8221;titulo-separador-blanco&#8221;][\/vc_column_inner][\/vc_row_inner][vc_row_inner equal_height=&#8221;yes&#8221; content_placement=&#8221;middle&#8221; css=&#8221;.vc_custom_1619775225260{padding-top: 50px !important;}&#8221;][vc_column_inner width=&#8221;2\/12&#8243;][vc_single_image image=&#8221;214&#8243; img_size=&#8221;full&#8221; alignment=&#8221;center&#8221;][\/vc_column_inner][vc_column_inner width=&#8221;8\/12&#8243;][vc_column_text]<\/p>\n<h2 style=\"text-align: center;\">de 20 anos no mercado autom\u00f3vel<\/h2>\n<p>[\/vc_column_text][\/vc_column_inner][vc_column_inner width=&#8221;2\/12&#8243;][vc_single_image image=&#8221;222&#8243; img_size=&#8221;full&#8221; alignment=&#8221;center&#8221;][\/vc_column_inner][\/vc_row_inner][vc_row_inner equal_height=&#8221;yes&#8221; content_placement=&#8221;middle&#8221; css=&#8221;.vc_custom_1619780573911{background-position: center !important;background-repeat: no-repeat !important;background-size: contain !important;}&#8221; el_class=&#8221;dna-listado tablet-reverse&#8221;][vc_column_inner el_class=&#8221;tablet-none&#8221; width=&#8221;4\/12&#8243;][vc_single_image image=&#8221;220&#8243; img_size=&#8221;full&#8221;][\/vc_column_inner][vc_column_inner el_class=&#8221;align-right tablet-center&#8221; width=&#8221;6\/12&#8243;][vc_single_image image=&#8221;218&#8243; img_size=&#8221;full&#8221; alignment=&#8221;center&#8221; el_class=&#8221;tablet-view&#8221;][vc_column_text]<\/p>\n<h4>Auditoria e consultoria digital<\/h4>\n<p>Sabemos que para fazer um trabalho de qualidade \u00e9 de vital import\u00e2ncia analisar todos os fatores que interv\u00eam na estrat\u00e9gia digital da empresa. A sua P\u00e1gina web oferece solu\u00e7\u00f5es para os utilizadores?[\/vc_column_text][vc_empty_space height=&#8221;50px&#8221;][vc_single_image image=&#8221;210&#8243; img_size=&#8221;full&#8221; alignment=&#8221;center&#8221; el_class=&#8221;tablet-view&#8221;][vc_column_text]<\/p>\n<h4>P\u00e1ginas web<\/h4>\n<p>Mobile First! Desenvolvemos todo o tipo de solu\u00e7\u00f5es Web \u00e0 medida para os nossos clientes, sempre adaptadas \u00e0s \u00faltimas tend\u00eancias e tecnologias do mercado. Somos especialistas em UX \/ UI e focamos os nossos projetos por e para o utilizador.[\/vc_column_text][vc_empty_space height=&#8221;50px&#8221;][vc_single_image image=&#8221;212&#8243; img_size=&#8221;full&#8221; alignment=&#8221;center&#8221; el_class=&#8221;tablet-view&#8221;][vc_column_text]<\/p>\n<h4>Posicionamento SEO<\/h4>\n<p>Sabemos que n\u00e3o importa apenas a qualidade de uma p\u00e1gina web, a chave do sucesso \u00e9 que os utilizadores nos encontrem, entrem no nosso site e gerem novas oportunidades para o neg\u00f3cio[\/vc_column_text][vc_empty_space height=&#8221;50px&#8221;][vc_single_image image=&#8221;216&#8243; img_size=&#8221;full&#8221; alignment=&#8221;center&#8221; el_class=&#8221;tablet-view&#8221;][vc_column_text]<\/p>\n<h4>Anal\u00edtica<\/h4>\n<p>Analise e voc\u00ea vai ganhar! Porque toda a\u00e7\u00e3o tem uma rea\u00e7\u00e3o e n\u00f3s as analisamos todas. Sem an\u00e1lise n\u00e3o h\u00e1 tomada de decis\u00f5es e nem possibilidade de crescimento.[\/vc_column_text][\/vc_column_inner][vc_column_inner el_class=&#8221;tablet-none&#8221; width=&#8221;2\/12&#8243;][vc_single_image image=&#8221;218&#8243; img_size=&#8221;full&#8221; alignment=&#8221;center&#8221;][vc_single_image image=&#8221;210&#8243; img_size=&#8221;full&#8221; alignment=&#8221;center&#8221;][vc_single_image image=&#8221;212&#8243; img_size=&#8221;full&#8221; alignment=&#8221;center&#8221;][vc_single_image image=&#8221;216&#8243; img_size=&#8221;full&#8221; alignment=&#8221;center&#8221;][\/vc_column_inner][\/vc_row_inner][vc_row_inner][vc_column_inner][vc_empty_space height=&#8221;80px&#8221;][vc_single_image image=&#8221;58&#8243; img_size=&#8221;full&#8221; alignment=&#8221;center&#8221;][vc_column_text]<\/p>\n<p class=\"subtitulo\" style=\"text-align: center;\">Evolu\u00edmos e crescemos consigo rumo a novos desafios.<\/p>\n<p>[\/vc_column_text][\/vc_column_inner][\/vc_row_inner][\/vc_column][\/vc_row][vc_row full_width=&#8221;stretch_row&#8221; css=&#8221;.vc_custom_1618236041833{padding-top: 100px !important;padding-bottom: 100px !important;}&#8221; el_class=&#8221;contacto&#8221;][vc_column][vc_row_inner][vc_column_inner width=&#8221;1\/2&#8243;][vc_column_text]<\/p>\n<p class=\"titulo-blanco\" style=\"text-align: left;\">Contate-nos<br \/>\n<span style=\"font-size: 30px;\">para encontrar solu\u00e7\u00f5es<br \/>\n\u00fanicas para o seu concession\u00e1rio<\/span><\/p>\n<p>[\/vc_column_text][vc_column_text]<\/p>\n<p class=\"subtitulo\">Somos especialistas para o setor autom\u00f3vel e por isso gostar\u00edamos de falar consigo!<\/p>\n<p>[\/vc_column_text][vc_btn title=&#8221;Escreva-nos&#8221; style=&#8221;custom&#8221; custom_background=&#8221;#ffffff&#8221; custom_text=&#8221;#003f64&#8243; shape=&#8221;round&#8221; i_icon_fontawesome=&#8221;fab fa-whatsapp&#8221; add_icon=&#8221;true&#8221; link=&#8221;url:https%3A%2F%2Fwa.me%2F%2B34649718197|target:_blank&#8221;][vc_empty_space height=&#8221;50px&#8221;][vc_column_text]<\/p>\n<p class=\"subtitulo\">Siga-nos tamb\u00e9m nas Redes Sociais<\/p>\n<p>[\/vc_column_text][vc_icon icon_fontawesome=&#8221;fab fa-instagram&#8221; color=&#8221;white&#8221; size=&#8221;lg&#8221; link=&#8221;url:https%3A%2F%2Fwww.instagram.com%2Ftilomotion%2F%3Fhl%3Des|target:_blank&#8221;][vc_icon icon_fontawesome=&#8221;fab fa-linkedin-in&#8221; color=&#8221;white&#8221; size=&#8221;lg&#8221; link=&#8221;url:https%3A%2F%2Fwww.linkedin.com%2Fcompany%2Ftilo-motion%2Fmycompany%2F|target:_blank&#8221;][\/vc_column_inner][vc_column_inner width=&#8221;1\/2&#8243;][vc_column_text]<div class=\"forminator-ui forminator-custom-form forminator-custom-form-269 forminator-design--flat  forminator_ajax\" data-forminator-render=\"0\" data-form=\"forminator-module-269\" data-uid=\"69f2bd76536de\"><br\/><\/div><form\r\n\t\t\t\tid=\"forminator-module-269\"\r\n\t\t\t\tclass=\"forminator-ui forminator-custom-form forminator-custom-form-269 forminator-design--flat  forminator_ajax\"\r\n\t\t\t\tmethod=\"post\"\r\n\t\t\t\tdata-forminator-render=\"0\"\r\n\t\t\t\tdata-form-id=\"269\"\r\n\t\t\t\t\r\n\t\t\t\tdata-design=\"flat\"\r\n\t\t\t\t\r\n\t\t\t\t\r\n\t\t\t\t\r\n\t\t\t\tdata-grid=\"open\"\r\n\t\t\t\t\r\n\t\t\t\t\r\n\t\t\t\tstyle=\"display: none;\"\r\n\t\t\t\t\r\n\t\t\t\tdata-uid=\"69f2bd76536de\"\r\n\t\t\t><div role=\"alert\" aria-live=\"polite\" class=\"forminator-response-message forminator-error\" aria-hidden=\"true\"><\/div><div class=\"forminator-row\"><div id=\"name-1\" class=\"forminator-field-name forminator-col forminator-col-6 \"><div class=\"forminator-field\"><label for=\"forminator-field-name-1_69f2bd76536de\" class=\"forminator-label\" id=\"forminator-field-name-1_69f2bd76536de-label\">Nome <span class=\"forminator-required\">*<\/span><\/label><input type=\"text\" name=\"name-1\" value=\"\" placeholder=\"Nome *\" id=\"forminator-field-name-1_69f2bd76536de\" class=\"forminator-input forminator-name--field\" aria-required=\"true\" \/><\/div><\/div><div id=\"name-2\" class=\"forminator-field-name forminator-col forminator-col-6 \"><div class=\"forminator-field\"><label for=\"forminator-field-name-2_69f2bd76536de\" class=\"forminator-label\" id=\"forminator-field-name-2_69f2bd76536de-label\">Apelido <span class=\"forminator-required\">*<\/span><\/label><input type=\"text\" name=\"name-2\" value=\"\" placeholder=\"Apelido *\" id=\"forminator-field-name-2_69f2bd76536de\" class=\"forminator-input forminator-name--field\" aria-required=\"true\" \/><\/div><\/div><\/div><div class=\"forminator-row\"><div id=\"phone-1\" class=\"forminator-field-phone forminator-col forminator-col-6 \"><div class=\"forminator-field\"><label for=\"forminator-field-phone-1_69f2bd76536de\" class=\"forminator-label\" id=\"forminator-field-phone-1_69f2bd76536de-label\">Telefone <span class=\"forminator-required\">*<\/span><\/label><input type=\"text\" name=\"phone-1\" value=\"\" placeholder=\"Telefone *\" id=\"forminator-field-phone-1_69f2bd76536de\" class=\"forminator-input forminator-field--phone\" data-required=\"1\" aria-required=\"true\" autocomplete=\"off\" data-national_mode=\"enabled\" data-country=\"PT\" data-validation=\"standard\" \/><\/div><\/div><div id=\"email-1\" class=\"forminator-field-email forminator-col forminator-col-6 \"><div class=\"forminator-field\"><label for=\"forminator-field-email-1_69f2bd76536de\" class=\"forminator-label\" id=\"forminator-field-email-1_69f2bd76536de-label\">Email <span class=\"forminator-required\">*<\/span><\/label><input type=\"email\" name=\"email-1\" value=\"\" placeholder=\"Email *\" id=\"forminator-field-email-1_69f2bd76536de\" class=\"forminator-input forminator-email--field\" data-required=\"true\" aria-required=\"true\" \/><\/div><\/div><\/div><div class=\"forminator-row\"><div id=\"name-3\" class=\"forminator-field-name forminator-col forminator-col-12 \"><div class=\"forminator-field\"><label for=\"forminator-field-name-3_69f2bd76536de\" class=\"forminator-label\" id=\"forminator-field-name-3_69f2bd76536de-label\">Empresa<\/label><input type=\"text\" name=\"name-3\" value=\"\" placeholder=\"Empresa\" id=\"forminator-field-name-3_69f2bd76536de\" class=\"forminator-input forminator-name--field\" aria-required=\"false\" \/><\/div><\/div><\/div><div class=\"forminator-row\"><div id=\"textarea-1\" class=\"forminator-field-textarea forminator-col forminator-col-12 \"><div class=\"forminator-field\"><label for=\"forminator-field-textarea-1_69f2bd76536de\" id=\"forminator-field-textarea-1_69f2bd76536de-label\" class=\"forminator-label\">Coment\u00e1rio<\/label><textarea name=\"textarea-1\" placeholder=\"Coment\u00e1rio\" id=\"forminator-field-textarea-1_69f2bd76536de\" class=\"forminator-textarea\" rows=\"6\" style=\"min-height:140px;\" maxlength=\"180\" ><\/textarea><span id=\"forminator-field-textarea-1_69f2bd76536de-description\" class=\"forminator-description\"><span data-limit=\"180\" data-type=\"characters\">0 \/ 180<\/span><\/span><\/div><\/div><\/div><div class=\"forminator-row\"><div id=\"checkbox-2\" class=\"forminator-field-checkbox forminator-col forminator-col-12 \"><div role=\"group\" class=\"forminator-field\" aria-labelledby=\"forminator-checkbox-group-69f2bd76536de-label\"><h4 id=\"forminator-checkbox-group-69f2bd76536de-label\" class=\"forminator-label\">Newsletter<\/h4><label id=\"forminator-field-checkbox-2-1-69f2bd76536de-label\" for=\"forminator-field-checkbox-2-1-69f2bd76536de\" class=\"forminator-checkbox\" title=\"Concordo em receber a newsletter\"><input type=\"checkbox\" name=\"checkbox-2[]\" value=\"concordo-em-receber-a-newsletter\" id=\"forminator-field-checkbox-2-1-69f2bd76536de\" aria-labelledby=\"forminator-field-checkbox-2-1-69f2bd76536de-label\" data-calculation=\"0\"   aria-describedby=\"forminator-field-checkbox-2-69f2bd76536de-description\"\/><span class=\"forminator-checkbox-box\" aria-hidden=\"true\"><\/span><span class=\"forminator-checkbox-label\">Concordo em receber a newsletter<\/span><\/label><\/div><\/div><\/div><div class=\"forminator-row\"><div id=\"consent-1\" class=\"forminator-field-consent forminator-col forminator-col-12 \"><div class=\"forminator-field\"><div class=\"forminator-checkbox__wrapper\"><label for=\"forminator-field-consent-1_69f2bd76536de\" id=\"forminator-field-consent-1_69f2bd76536de__label\" class=\"forminator-checkbox forminator-consent\" style=\"margin: 0;\"><input type=\"checkbox\" name=\"consent-1\" id=\"forminator-field-consent-1_69f2bd76536de\" value=\"checked\" aria-labelledby=\"forminator-field-consent-1_69f2bd76536de-label\" aria-describedby=\"forminator-field-consent-1_69f2bd76536de__description\" data-required=\"true\" aria-required=\"true\" \/><span class=\"forminator-checkbox-box\" aria-hidden=\"true\"><\/span><\/label><div id=\"forminator-field-consent-1_69f2bd76536de__description\" class=\"forminator-checkbox__label forminator-consent__label\"><p>Aceito a <a rel=\"noopener\" target=\"_blank\" href=\"\/pt-pt\/politica-de-privacidade\">pol\u00edtica de privacidade<\/a> e o <a rel=\"noopener\" target=\"_blank\" href=\"\/pt-pt\/aviso-legal\">aviso legal<\/a>. *<\/p><\/div><\/div><\/div><\/div><\/div><input type=\"hidden\" name=\"referer_url\" value=\"\" \/><div class=\"forminator-row forminator-row-last\"><div class=\"forminator-col\"><div class=\"forminator-field\"><button class=\"forminator-button forminator-button-submit\">Enviar<\/button><\/div><\/div><\/div><input type=\"hidden\" id=\"forminator_nonce\" name=\"forminator_nonce\" value=\"d3d18abc7e\" \/><input type=\"hidden\" name=\"_wp_http_referer\" value=\"\/pt-pt\/wp-json\/wp\/v2\/pages\/242\" \/><input type=\"hidden\" name=\"form_id\" value=\"269\"><input type=\"hidden\" name=\"page_id\" value=\"242\"><input type=\"hidden\" name=\"form_type\" value=\"default\"><input type=\"hidden\" name=\"current_url\" value=\"https:\/\/www.nextlap.es\/pt-pt\/quienes-somos\/\"><input type=\"hidden\" name=\"render_id\" value=\"0\"><input type=\"hidden\" name=\"action\" value=\"forminator_submit_form_custom-forms\"><label for=\"input_9\" class=\"forminator-hidden\" aria-hidden=\"true\">Please do not fill in this field. <input id=\"input_9\" type=\"text\" name=\"input_9\" value=\"\" autocomplete=\"off\"><\/label><\/form>[\/vc_column_text][\/vc_column_inner][\/vc_row_inner][\/vc_column][\/vc_row]<\/p>\n<\/section>","protected":false},"excerpt":{"rendered":"<p>[vc_row css=&#8221;.vc_custom_1618236623500{padding-top: 100px !important;padding-bottom: 80px !important;}&#8221;][vc_column][vc_row_inner][vc_column_inner width=&#8221;5\/12&#8243;][vc_single_image image=&#8221;46&#8243; img_size=&#8221;full&#8221; alignment=&#8221;center&#8221;][\/vc_column_inner][vc_column_inner width=&#8221;7\/12&#8243;][vc_column_text] \u00a0 QUEM SOMOS \u00a0 [\/vc_column_text][vc_column_text] Solu\u00e7\u00f5es que evoluem o seu neg\u00f3cio [\/vc_column_text][vc_column_text]next lap nasceu da associa\u00e7\u00e3o de um grupo de profissionais e empresas l\u00edderes no mercado autom\u00f3vel.[\/vc_column_text][\/vc_column_inner][\/vc_row_inner][vc_row_inner][vc_column_inner][vc_empty_space height=&#8221;30px&#8221;][vc_column_text] Na next lap, decidimos passar dos produtos \u00e0s solu\u00e7\u00f5es. Analisamos o potencial de cada cliente e [&hellip;]<\/p>\n","protected":false},"author":1,"featured_media":0,"parent":0,"menu_order":0,"comment_status":"closed","ping_status":"closed","template":"","meta":{"footnotes":""},"class_list":["post-242","page","type-page","status-publish","hentry"],"aioseo_notices":[],"_links":{"self":[{"href":"https:\/\/www.nextlap.es\/pt-pt\/wp-json\/wp\/v2\/pages\/242","targetHints":{"allow":["GET"]}}],"collection":[{"href":"https:\/\/www.nextlap.es\/pt-pt\/wp-json\/wp\/v2\/pages"}],"about":[{"href":"https:\/\/www.nextlap.es\/pt-pt\/wp-json\/wp\/v2\/types\/page"}],"author":[{"embeddable":true,"href":"https:\/\/www.nextlap.es\/pt-pt\/wp-json\/wp\/v2\/users\/1"}],"replies":[{"embeddable":true,"href":"https:\/\/www.nextlap.es\/pt-pt\/wp-json\/wp\/v2\/comments?post=242"}],"version-history":[{"count":0,"href":"https:\/\/www.nextlap.es\/pt-pt\/wp-json\/wp\/v2\/pages\/242\/revisions"}],"wp:attachment":[{"href":"https:\/\/www.nextlap.es\/pt-pt\/wp-json\/wp\/v2\/media?parent=242"}],"curies":[{"name":"wp","href":"https:\/\/api.w.org\/{rel}","templated":true}]}}