{"id":239,"date":"2021-07-28T09:47:40","date_gmt":"2021-07-28T09:47:40","guid":{"rendered":"https:\/\/www.nextlap.es\/?page_id=239"},"modified":"2021-08-02T11:58:07","modified_gmt":"2021-08-02T11:58:07","slug":"home","status":"publish","type":"page","link":"https:\/\/www.nextlap.es\/pt-pt\/","title":{"rendered":"Home"},"content":{"rendered":"<section class=\"wpb-content-wrapper\"><p>[vc_row full_width=&#8221;stretch_row&#8221; equal_height=&#8221;yes&#8221; content_placement=&#8221;middle&#8221; css=&#8221;.vc_custom_1618213353998{background-image: url(https:\/\/www.nextlap.es\/wp-content\/uploads\/2021\/04\/Header.png?id=23) !important;background-position: center !important;background-repeat: no-repeat !important;background-size: cover !important;}&#8221; el_class=&#8221;header-img&#8221;][vc_column][vc_row_inner equal_height=&#8221;yes&#8221; content_placement=&#8221;middle&#8221;][vc_column_inner][vc_column_text]<\/p>\n<h1 style=\"text-align: center;\">NEXT LAP<\/h1>\n<h2 style=\"text-align: center;\">SOLU\u00c7\u00d5ES QUE EVOLUEM O SEU NEG\u00d3CIO<\/h2>\n<h4 style=\"text-align: center;\">Mais de 20 anos no mercado autom\u00f3vel<\/h4>\n<p>[\/vc_column_text][vc_btn title=&#8221;Saber mais&#8221; style=&#8221;gradient-custom&#8221; gradient_custom_color_1=&#8221;#002032&#8243; gradient_custom_color_2=&#8221;#003f64&#8243; shape=&#8221;round&#8221; size=&#8221;lg&#8221; align=&#8221;center&#8221; link=&#8221;url:%2Fquienes-somos%2F|title:Qui%C3%A9nes%20Somos&#8221;][\/vc_column_inner][\/vc_row_inner][\/vc_column][\/vc_row][vc_row][vc_column][vc_column_text]<\/p>\n<h2 class=\"titulo-claro\" style=\"text-align: center;\">Acrescentamos valor<\/h2>\n<p>[\/vc_column_text][vc_column_text]<\/p>\n<p class=\"subtitulo\" style=\"text-align: center;\"><strong>Maior efici\u00eancia de gest\u00e3o e melhores resultados de vendas.<\/strong><\/p>\n<p style=\"text-align: center;\">next lap nasceu para ajudar a aumentar o neg\u00f3cio com os seus clientes, atrav\u00e9s da inova\u00e7\u00e3o, colabora\u00e7\u00e3o e suporte estrat\u00e9gico.<\/p>\n<p>[\/vc_column_text][\/vc_column][\/vc_row][vc_row][vc_column][vc_empty_space height=&#8221;100px&#8221;][\/vc_column][\/vc_row][vc_row][vc_column][vc_row_inner][vc_column_inner width=&#8221;7\/12&#8243;][vc_column_text]<\/p>\n<h2 class=\"titulo-oscuro\">Precisa de atrair clientes e fazer a gest\u00e3o dos seus Leads?<\/h2>\n<p>[\/vc_column_text][vc_column_text]Propomos-lhe um processo digital completo, desde a execu\u00e7\u00e3o da campanha, at\u00e9 ao atendimento telef\u00f3nico \/ qualifica\u00e7\u00e3o e gest\u00e3o do lead.[\/vc_column_text][vc_btn title=&#8221;Conhecer as ferramentas&#8221; style=&#8221;gradient-custom&#8221; gradient_custom_color_1=&#8221;#00a893&#8243; gradient_custom_color_2=&#8221;#14ddc4&#8243; shape=&#8221;round&#8221; link=&#8221;url:%2Fleadcars%2F|title:Leadcars&#8221;][\/vc_column_inner][vc_column_inner width=&#8221;5\/12&#8243;][vc_column_text]<\/p>\n<ul>\n<li>LeadCars \u2013 gest\u00e3o de clientes e leads<\/li>\n<li>P\u00e1gina Web \/ landing page<\/li>\n<li>Plano de marketing digital<\/li>\n<li>Posicionamento online<\/li>\n<li>Contact Center \/ BDC externo<\/li>\n<\/ul>\n<p>[\/vc_column_text][\/vc_column_inner][\/vc_row_inner][\/vc_column][\/vc_row][vc_row][vc_column][vc_empty_space height=&#8221;50px&#8221;][\/vc_column][\/vc_row][vc_row full_width=&#8221;stretch_row&#8221; css=&#8221;.vc_custom_1618223114919{padding-top: 50px !important;padding-bottom: 30px !important;background-color: #ecf4f8 !important;}&#8221;][vc_column][vc_row_inner equal_height=&#8221;yes&#8221; content_placement=&#8221;middle&#8221;][vc_column_inner width=&#8221;5\/12&#8243;][vc_single_image image=&#8221;27&#8243; img_size=&#8221;full&#8221; alignment=&#8221;center&#8221;][\/vc_column_inner][vc_column_inner width=&#8221;7\/12&#8243;][vc_column_text]<\/p>\n<h2 class=\"titulo-oscuro\">Quer vender online e ter a sua p\u00e1gina web sempre pronta?<\/h2>\n<p>[\/vc_column_text][vc_column_text]Consigue una web con la tecnolog\u00eda l\u00edder en automoci\u00f3n y market place abierto 24 horas al d\u00eda. Pack llave en mano listo para usar.[\/vc_column_text][vc_column_text]<\/p>\n<ul>\n<li>P\u00e1gina web espec\u00edfica para o comercio autom\u00f3vel<\/li>\n<li>Vendas 100% online<\/li>\n<li>Financiamento e acesso para reserva ou compra<\/li>\n<li>Compat\u00edvel com todos os nossos produtos para uma experi\u00eancia de gest\u00e3o completa<\/li>\n<\/ul>\n<p>[\/vc_column_text][vc_btn title=&#8221;Conhecer as ferramentas&#8221; style=&#8221;gradient-custom&#8221; gradient_custom_color_1=&#8221;#003f64&#8243; gradient_custom_color_2=&#8221;#1f95d8&#8243; shape=&#8221;round&#8221; link=&#8221;url:%2Fweb%2F|title:Web&#8221;][\/vc_column_inner][\/vc_row_inner][\/vc_column][\/vc_row][vc_row css=&#8221;.vc_custom_1618224883621{padding-top: 30px !important;padding-bottom: 30px !important;}&#8221;][vc_column][vc_column_text]<\/p>\n<h2 class=\"titulo-oscuro\" style=\"text-align: center;\">Est\u00e1 \u00e0 procura de uma solu\u00e7\u00e3o integral para a gest\u00e3o do seu neg\u00f3cio VU?<\/h2>\n<p>[\/vc_column_text][vc_column_text]<\/p>\n<p style=\"text-align: center;\">Maxterauto garante processos de trabalho eficientes e uma integra\u00e7\u00e3o perfeita com o seu ecossistema.<\/p>\n<p>[\/vc_column_text][vc_empty_space height=&#8221;20px&#8221;][vc_column_text el_class=&#8221;list-inline&#8221;]<\/p>\n<ul>\n<li>Gest\u00e3o de Stock<\/li>\n<li>Multipublica\u00e7\u00e3o<\/li>\n<li>Integra\u00e7\u00e3o com outros DMS<\/li>\n<li>Arquivo digital<\/li>\n<li>Avalia\u00e7\u00e3o<\/li>\n<li>CRM completo<\/li>\n<\/ul>\n<p>[\/vc_column_text][vc_btn title=&#8221;Conhecer as ferramentas&#8221; style=&#8221;gradient-custom&#8221; gradient_custom_color_1=&#8221;#00a893&#8243; gradient_custom_color_2=&#8221;#14ddc4&#8243; shape=&#8221;round&#8221; align=&#8221;center&#8221; link=&#8221;url:%2Fmaxterauto%2F|title:Maxterauto&#8221;][\/vc_column][\/vc_row][vc_row full_width=&#8221;stretch_row&#8221; css=&#8221;.vc_custom_1618224915482{padding-top: 50px !important;padding-bottom: 30px !important;background-color: #ecf4f8 !important;}&#8221;][vc_column][vc_row_inner equal_height=&#8221;yes&#8221; content_placement=&#8221;middle&#8221; el_class=&#8221;mobile-reverse&#8221;][vc_column_inner width=&#8221;7\/12&#8243;][vc_column_text]<\/p>\n<h2 class=\"titulo-oscuro\">Precisa de otimizar ou reorganizar seu neg\u00f3cio?<\/h2>\n<p>[\/vc_column_text][vc_column_text]Implementamos projetos de neg\u00f3cio \u00e0 medida de cada cliente. Fornecemos todos os recursos necess\u00e1rios para o sucesso do projeto, incluindo a gest\u00e3o com consultores especializados e certificados, 100% dedicados.[\/vc_column_text][vc_column_text]<\/p>\n<ul>\n<li>Gest\u00e3o de Projetos<\/li>\n<li>Identifica\u00e7\u00e3o de problemas \/ oportunidades<\/li>\n<li>Elabora\u00e7\u00e3o de a\u00e7\u00f5es e objetivos<\/li>\n<li>Implementa\u00e7\u00e3o e seguimento<\/li>\n<\/ul>\n<p>[\/vc_column_text][vc_btn title=&#8221;Conhecer as ferramentas&#8221; style=&#8221;gradient-custom&#8221; gradient_custom_color_1=&#8221;#003f64&#8243; gradient_custom_color_2=&#8221;#1f95d8&#8243; shape=&#8221;round&#8221;][\/vc_column_inner][vc_column_inner width=&#8221;5\/12&#8243;][vc_single_image image=&#8221;25&#8243; img_size=&#8221;full&#8221;][\/vc_column_inner][\/vc_row_inner][\/vc_column][\/vc_row][vc_row full_width=&#8221;stretch_row&#8221; css=&#8221;.vc_custom_1618303663486{padding-top: 80px !important;padding-bottom: 80px !important;background-image: url(https:\/\/www.nextlap.es\/wp-content\/uploads\/2021\/04\/Grupo1667-1.png?id=33) !important;background-position: center !important;background-repeat: no-repeat !important;background-size: cover !important;}&#8221; el_class=&#8221;soluciones-home&#8221;][vc_column][vc_row_inner][vc_column_inner][vc_text_separator title=&#8221;SOLU\u00c7\u00d5ES&#8221; color=&#8221;custom&#8221; border_width=&#8221;10&#8243; el_width=&#8221;50&#8243; accent_color=&#8221;#c4dae6&#8243; el_class=&#8221;titulo-separador-blanco&#8221;][vc_empty_space][vc_column_text]<\/p>\n<h2 class=\"titulo-claro\" style=\"text-align: center;\">Dos produtos as solu\u00e7\u00f5es<\/h2>\n<p>[\/vc_column_text][vc_column_text]<\/p>\n<h4 class=\"subtitulo\" style=\"text-align: center;\">Analisamos o potencial de cada cliente e otimizamos o seu ecossistema de trabalho, atrav\u00e9s de solu\u00e7\u00f5es e processos l\u00f3gicos e integrados, transparentes e simples.<\/h4>\n<p>[\/vc_column_text][vc_empty_space height=&#8221;50px&#8221;][\/vc_column_inner][\/vc_row_inner][vc_row_inner equal_height=&#8221;yes&#8221;][vc_column_inner width=&#8221;1\/4&#8243;][vc_single_image image=&#8221;35&#8243; img_size=&#8221;full&#8221; alignment=&#8221;center&#8221; onclick=&#8221;custom_link&#8221; link=&#8221;\/web&#8221;][vc_column_text]<\/p>\n<h4 class=\"subtitulo\" style=\"text-align: center;\">WEB<\/h4>\n<p style=\"text-align: center;\">P\u00e1ginas web espec\u00edficas para o comercio autom\u00f3vel, orientadas para atrair clientes e leads. Preparadas para vendas 100% online.<\/p>\n<p>[\/vc_column_text][\/vc_column_inner][vc_column_inner width=&#8221;1\/4&#8243;][vc_single_image image=&#8221;39&#8243; img_size=&#8221;full&#8221; alignment=&#8221;center&#8221; onclick=&#8221;custom_link&#8221; link=&#8221;\/maxterauto&#8221;][vc_column_text]<\/p>\n<h4 class=\"subtitulo\" style=\"text-align: center;\">MAXTERAUTO<\/h4>\n<p style=\"text-align: center;\">Faz a gest\u00e3o de todas as etapas do neg\u00f3cio VU, de maneira integrada, eficiente e a partir de uma \u00fanica aplica\u00e7\u00e3o.<\/p>\n<p>[\/vc_column_text][\/vc_column_inner][vc_column_inner width=&#8221;1\/4&#8243;][vc_single_image image=&#8221;41&#8243; img_size=&#8221;full&#8221; alignment=&#8221;center&#8221; onclick=&#8221;custom_link&#8221; link=&#8221;\/leadcars&#8221;][vc_column_text]<\/p>\n<h4 class=\"subtitulo\" style=\"text-align: center;\">LEADCARS<\/h4>\n<p style=\"text-align: center;\">Centraliza todos os leads do seu concession\u00e1rio em um \u00fanico s\u00edtio, permitindo que a equipa comercial os qualifique, atenda e controle as suas campanhas.<\/p>\n<p>[\/vc_column_text][\/vc_column_inner][vc_column_inner width=&#8221;1\/4&#8243;][vc_single_image image=&#8221;37&#8243; img_size=&#8221;full&#8221; alignment=&#8221;center&#8221;][vc_column_text]<\/p>\n<h4 class=\"subtitulo\" style=\"text-align: center;\">MARKETING DIGITAL<\/h4>\n<p style=\"text-align: center;\">Vasta gama de servi\u00e7os de marketing digital disponibilizados pela nossa equipa de especialistas.<\/p>\n<p>[\/vc_column_text][\/vc_column_inner][\/vc_row_inner][\/vc_column][\/vc_row][vc_row full_width=&#8221;stretch_row&#8221; css=&#8221;.vc_custom_1618236041833{padding-top: 100px !important;padding-bottom: 100px !important;}&#8221; el_class=&#8221;contacto&#8221;][vc_column][vc_row_inner][vc_column_inner width=&#8221;1\/2&#8243;][vc_column_text]<\/p>\n<p class=\"titulo-blanco\" style=\"text-align: left;\">Contate-nos<br \/>\n<span style=\"font-size: 30px;\">para encontrar solu\u00e7\u00f5es<br \/>\n\u00fanicas para o seu concession\u00e1rio<\/span><\/p>\n<p>[\/vc_column_text][vc_column_text]<\/p>\n<p class=\"subtitulo\">Somos especialistas para o setor autom\u00f3vel e por isso gostar\u00edamos de falar consigo!<\/p>\n<p>[\/vc_column_text][vc_btn title=&#8221;Escreva-nos&#8221; style=&#8221;custom&#8221; custom_background=&#8221;#ffffff&#8221; custom_text=&#8221;#003f64&#8243; shape=&#8221;round&#8221; i_icon_fontawesome=&#8221;fab fa-whatsapp&#8221; add_icon=&#8221;true&#8221; link=&#8221;url:https%3A%2F%2Fwa.me%2F%2B34649718197|target:_blank&#8221;][vc_empty_space height=&#8221;50px&#8221;][vc_column_text]<\/p>\n<p class=\"subtitulo\">Siga-nos tamb\u00e9m nas Redes Sociais<\/p>\n<p>[\/vc_column_text][vc_icon icon_fontawesome=&#8221;fab fa-instagram&#8221; color=&#8221;white&#8221; size=&#8221;lg&#8221; link=&#8221;url:https%3A%2F%2Fwww.instagram.com%2Ftilomotion%2F%3Fhl%3Des|target:_blank&#8221;][vc_icon icon_fontawesome=&#8221;fab fa-linkedin-in&#8221; color=&#8221;white&#8221; size=&#8221;lg&#8221; link=&#8221;url:https%3A%2F%2Fwww.linkedin.com%2Fcompany%2Ftilo-motion%2Fmycompany%2F|target:_blank&#8221;][\/vc_column_inner][vc_column_inner width=&#8221;1\/2&#8243;][vc_column_text]<div class=\"forminator-ui forminator-custom-form forminator-custom-form-269 forminator-design--flat  forminator_ajax\" data-forminator-render=\"0\" data-form=\"forminator-module-269\" data-uid=\"69e7420a07f73\"><br\/><\/div><form\r\n\t\t\t\tid=\"forminator-module-269\"\r\n\t\t\t\tclass=\"forminator-ui forminator-custom-form forminator-custom-form-269 forminator-design--flat  forminator_ajax\"\r\n\t\t\t\tmethod=\"post\"\r\n\t\t\t\tdata-forminator-render=\"0\"\r\n\t\t\t\tdata-form-id=\"269\"\r\n\t\t\t\t\r\n\t\t\t\tdata-design=\"flat\"\r\n\t\t\t\t\r\n\t\t\t\t\r\n\t\t\t\t\r\n\t\t\t\tdata-grid=\"open\"\r\n\t\t\t\t\r\n\t\t\t\t\r\n\t\t\t\tstyle=\"display: none;\"\r\n\t\t\t\t\r\n\t\t\t\tdata-uid=\"69e7420a07f73\"\r\n\t\t\t><div role=\"alert\" aria-live=\"polite\" class=\"forminator-response-message forminator-error\" aria-hidden=\"true\"><\/div><div class=\"forminator-row\"><div id=\"name-1\" class=\"forminator-field-name forminator-col forminator-col-6 \"><div class=\"forminator-field\"><label for=\"forminator-field-name-1_69e7420a07f73\" class=\"forminator-label\" id=\"forminator-field-name-1_69e7420a07f73-label\">Nome <span class=\"forminator-required\">*<\/span><\/label><input type=\"text\" name=\"name-1\" value=\"\" placeholder=\"Nome *\" id=\"forminator-field-name-1_69e7420a07f73\" class=\"forminator-input forminator-name--field\" aria-required=\"true\" \/><\/div><\/div><div id=\"name-2\" class=\"forminator-field-name forminator-col forminator-col-6 \"><div class=\"forminator-field\"><label for=\"forminator-field-name-2_69e7420a07f73\" class=\"forminator-label\" id=\"forminator-field-name-2_69e7420a07f73-label\">Apelido <span class=\"forminator-required\">*<\/span><\/label><input type=\"text\" name=\"name-2\" value=\"\" placeholder=\"Apelido *\" id=\"forminator-field-name-2_69e7420a07f73\" class=\"forminator-input forminator-name--field\" aria-required=\"true\" \/><\/div><\/div><\/div><div class=\"forminator-row\"><div id=\"phone-1\" class=\"forminator-field-phone forminator-col forminator-col-6 \"><div class=\"forminator-field\"><label for=\"forminator-field-phone-1_69e7420a07f73\" class=\"forminator-label\" id=\"forminator-field-phone-1_69e7420a07f73-label\">Telefone <span class=\"forminator-required\">*<\/span><\/label><input type=\"text\" name=\"phone-1\" value=\"\" placeholder=\"Telefone *\" id=\"forminator-field-phone-1_69e7420a07f73\" class=\"forminator-input forminator-field--phone\" data-required=\"1\" aria-required=\"true\" autocomplete=\"off\" data-national_mode=\"enabled\" data-country=\"PT\" data-validation=\"standard\" \/><\/div><\/div><div id=\"email-1\" class=\"forminator-field-email forminator-col forminator-col-6 \"><div class=\"forminator-field\"><label for=\"forminator-field-email-1_69e7420a07f73\" class=\"forminator-label\" id=\"forminator-field-email-1_69e7420a07f73-label\">Email <span class=\"forminator-required\">*<\/span><\/label><input type=\"email\" name=\"email-1\" value=\"\" placeholder=\"Email *\" id=\"forminator-field-email-1_69e7420a07f73\" class=\"forminator-input forminator-email--field\" data-required=\"true\" aria-required=\"true\" \/><\/div><\/div><\/div><div class=\"forminator-row\"><div id=\"name-3\" class=\"forminator-field-name forminator-col forminator-col-12 \"><div class=\"forminator-field\"><label for=\"forminator-field-name-3_69e7420a07f73\" class=\"forminator-label\" id=\"forminator-field-name-3_69e7420a07f73-label\">Empresa<\/label><input type=\"text\" name=\"name-3\" value=\"\" placeholder=\"Empresa\" id=\"forminator-field-name-3_69e7420a07f73\" class=\"forminator-input forminator-name--field\" aria-required=\"false\" \/><\/div><\/div><\/div><div class=\"forminator-row\"><div id=\"textarea-1\" class=\"forminator-field-textarea forminator-col forminator-col-12 \"><div class=\"forminator-field\"><label for=\"forminator-field-textarea-1_69e7420a07f73\" id=\"forminator-field-textarea-1_69e7420a07f73-label\" class=\"forminator-label\">Coment\u00e1rio<\/label><textarea name=\"textarea-1\" placeholder=\"Coment\u00e1rio\" id=\"forminator-field-textarea-1_69e7420a07f73\" class=\"forminator-textarea\" rows=\"6\" style=\"min-height:140px;\" maxlength=\"180\" ><\/textarea><span id=\"forminator-field-textarea-1_69e7420a07f73-description\" class=\"forminator-description\"><span data-limit=\"180\" data-type=\"characters\">0 \/ 180<\/span><\/span><\/div><\/div><\/div><div class=\"forminator-row\"><div id=\"checkbox-2\" class=\"forminator-field-checkbox forminator-col forminator-col-12 \"><div role=\"group\" class=\"forminator-field\" aria-labelledby=\"forminator-checkbox-group-69e7420a07f73-label\"><h4 id=\"forminator-checkbox-group-69e7420a07f73-label\" class=\"forminator-label\">Newsletter<\/h4><label id=\"forminator-field-checkbox-2-1-69e7420a07f73-label\" for=\"forminator-field-checkbox-2-1-69e7420a07f73\" class=\"forminator-checkbox\" title=\"Concordo em receber a newsletter\"><input type=\"checkbox\" name=\"checkbox-2[]\" value=\"concordo-em-receber-a-newsletter\" id=\"forminator-field-checkbox-2-1-69e7420a07f73\" aria-labelledby=\"forminator-field-checkbox-2-1-69e7420a07f73-label\" data-calculation=\"0\"   aria-describedby=\"forminator-field-checkbox-2-69e7420a07f73-description\"\/><span class=\"forminator-checkbox-box\" aria-hidden=\"true\"><\/span><span class=\"forminator-checkbox-label\">Concordo em receber a newsletter<\/span><\/label><\/div><\/div><\/div><div class=\"forminator-row\"><div id=\"consent-1\" class=\"forminator-field-consent forminator-col forminator-col-12 \"><div class=\"forminator-field\"><div class=\"forminator-checkbox__wrapper\"><label for=\"forminator-field-consent-1_69e7420a07f73\" id=\"forminator-field-consent-1_69e7420a07f73__label\" class=\"forminator-checkbox forminator-consent\" style=\"margin: 0;\"><input type=\"checkbox\" name=\"consent-1\" id=\"forminator-field-consent-1_69e7420a07f73\" value=\"checked\" aria-labelledby=\"forminator-field-consent-1_69e7420a07f73-label\" aria-describedby=\"forminator-field-consent-1_69e7420a07f73__description\" data-required=\"true\" aria-required=\"true\" \/><span class=\"forminator-checkbox-box\" aria-hidden=\"true\"><\/span><\/label><div id=\"forminator-field-consent-1_69e7420a07f73__description\" class=\"forminator-checkbox__label forminator-consent__label\"><p>Aceito a <a rel=\"noopener\" target=\"_blank\" href=\"\/pt-pt\/politica-de-privacidade\">pol\u00edtica de privacidade<\/a> e o <a rel=\"noopener\" target=\"_blank\" href=\"\/pt-pt\/aviso-legal\">aviso legal<\/a>. *<\/p><\/div><\/div><\/div><\/div><\/div><input type=\"hidden\" name=\"referer_url\" value=\"\" \/><div class=\"forminator-row forminator-row-last\"><div class=\"forminator-col\"><div class=\"forminator-field\"><button class=\"forminator-button forminator-button-submit\">Enviar<\/button><\/div><\/div><\/div><input type=\"hidden\" id=\"forminator_nonce\" name=\"forminator_nonce\" value=\"0c02a180df\" \/><input type=\"hidden\" name=\"_wp_http_referer\" value=\"\/pt-pt\/wp-json\/wp\/v2\/pages\/239\" \/><input type=\"hidden\" name=\"form_id\" value=\"269\"><input type=\"hidden\" name=\"page_id\" value=\"239\"><input type=\"hidden\" name=\"form_type\" value=\"default\"><input type=\"hidden\" name=\"current_url\" value=\"https:\/\/www.nextlap.es\/pt-pt\/\"><input type=\"hidden\" name=\"render_id\" value=\"0\"><input type=\"hidden\" name=\"action\" value=\"forminator_submit_form_custom-forms\"><label for=\"input_9\" class=\"forminator-hidden\" aria-hidden=\"true\">Please do not fill in this field. <input id=\"input_9\" type=\"text\" name=\"input_9\" value=\"\" autocomplete=\"off\"><\/label><\/form>[\/vc_column_text][\/vc_column_inner][\/vc_row_inner][\/vc_column][\/vc_row]<\/p>\n<\/section>","protected":false},"excerpt":{"rendered":"<p>[vc_row full_width=&#8221;stretch_row&#8221; equal_height=&#8221;yes&#8221; content_placement=&#8221;middle&#8221; css=&#8221;.vc_custom_1618213353998{background-image: url(https:\/\/www.nextlap.es\/wp-content\/uploads\/2021\/04\/Header.png?id=23) !important;background-position: center !important;background-repeat: no-repeat !important;background-size: cover !important;}&#8221; el_class=&#8221;header-img&#8221;][vc_column][vc_row_inner equal_height=&#8221;yes&#8221; content_placement=&#8221;middle&#8221;][vc_column_inner][vc_column_text] NEXT LAP SOLU\u00c7\u00d5ES QUE EVOLUEM O SEU NEG\u00d3CIO Mais de 20 anos no mercado autom\u00f3vel [\/vc_column_text][vc_btn title=&#8221;Saber mais&#8221; style=&#8221;gradient-custom&#8221; gradient_custom_color_1=&#8221;#002032&#8243; gradient_custom_color_2=&#8221;#003f64&#8243; shape=&#8221;round&#8221; size=&#8221;lg&#8221; align=&#8221;center&#8221; link=&#8221;url:%2Fquienes-somos%2F|title:Qui%C3%A9nes%20Somos&#8221;][\/vc_column_inner][\/vc_row_inner][\/vc_column][\/vc_row][vc_row][vc_column][vc_column_text] Acrescentamos valor [\/vc_column_text][vc_column_text] Maior efici\u00eancia de gest\u00e3o e melhores resultados de vendas. next lap [&hellip;]<\/p>\n","protected":false},"author":1,"featured_media":0,"parent":0,"menu_order":0,"comment_status":"closed","ping_status":"open","template":"","meta":{"footnotes":""},"class_list":["post-239","page","type-page","status-publish","hentry"],"aioseo_notices":[],"_links":{"self":[{"href":"https:\/\/www.nextlap.es\/pt-pt\/wp-json\/wp\/v2\/pages\/239","targetHints":{"allow":["GET"]}}],"collection":[{"href":"https:\/\/www.nextlap.es\/pt-pt\/wp-json\/wp\/v2\/pages"}],"about":[{"href":"https:\/\/www.nextlap.es\/pt-pt\/wp-json\/wp\/v2\/types\/page"}],"author":[{"embeddable":true,"href":"https:\/\/www.nextlap.es\/pt-pt\/wp-json\/wp\/v2\/users\/1"}],"replies":[{"embeddable":true,"href":"https:\/\/www.nextlap.es\/pt-pt\/wp-json\/wp\/v2\/comments?post=239"}],"version-history":[{"count":0,"href":"https:\/\/www.nextlap.es\/pt-pt\/wp-json\/wp\/v2\/pages\/239\/revisions"}],"wp:attachment":[{"href":"https:\/\/www.nextlap.es\/pt-pt\/wp-json\/wp\/v2\/media?parent=239"}],"curies":[{"name":"wp","href":"https:\/\/api.w.org\/{rel}","templated":true}]}}